{"id":92,"date":"2020-11-16T18:03:04","date_gmt":"2020-11-16T18:03:04","guid":{"rendered":"https:\/\/sarkadujtelek.reformatus.hu\/?page_id=92"},"modified":"2020-11-30T13:48:43","modified_gmt":"2020-11-30T13:48:43","slug":"elerhetosegunk","status":"publish","type":"page","link":"https:\/\/sarkadujtelek.reformatus.hu\/index.php\/elerhetosegunk\/","title":{"rendered":"El\u00e9rhet\u0151s\u00e9g\u00fcnk"},"content":{"rendered":"<p><span style=\"color: #0000ff;\"><strong><em>Templomunk c\u00edme:<\/em><\/strong><\/span><br \/><span style=\"color: #000000;\"><strong>Sarkad, Gyulai \u00fat 28.<\/strong><\/span><\/p>\n<p><span style=\"color: #0000ff;\"><strong><em>Egyh\u00e1zk\u00f6zs\u00e9g\u00fcnk postac\u00edme, \u00e9s egyben a lelk\u00e9szi hivatal c\u00edme:<\/em><\/strong><\/span><br \/><span style=\"color: #000000;\"><strong>Sarkad-\u00dajteleki Reform\u00e1tus Egyh\u00e1zk\u00f6zs\u00e9g<br \/>5720 Sarkad, Dessewffy u. 4.<\/strong><\/span><\/p>\n<p><strong><span style=\"color: #0000ff;\"><em>Telefon:<\/em><\/span><\/strong><br \/><span style=\"color: #000000;\"><strong>+36-20-549-5415<\/strong><\/span><\/p>\n<p><strong><span style=\"color: #0000ff;\"><em>Elektronikus c\u00edm\u00fcnk:<\/em><\/span><\/strong><br \/><strong><span style=\"color: #000000;\">sarkad-ujtelek@reformatus.hu<\/span><br \/><span style=\"color: #000000;\">sarkadujtelek@bekesmegye.reformatus.hu<\/span><br \/><\/strong><\/p>\n<p><span style=\"color: #0000ff;\"><strong><em>Az egyh\u00e1zk\u00f6zs\u00e9g eln\u00f6ks\u00e9ge:<\/em><\/strong><\/span><br \/><span style=\"color: #000000;\"><strong>Fut\u00f3 Zolt\u00e1n J\u00f3zsef <\/strong>lelk\u00e9sz \u00e9s <strong>Sajti Lajosn\u00e9 <\/strong>gondnok<\/span><strong><br \/><\/strong><\/p>\n<p><span style=\"color: #0000ff;\"><strong><em>A k\u00f3rh\u00e1zlelk\u00e9szi szolg\u00e1lat el\u00e9rhet\u0151s\u00e9ge:<\/em><\/strong><\/span><br \/><span style=\"color: #000000;\"><strong>Kittlingern\u00e9 T\u00f3th M\u00e1rta <\/strong>k\u00f3rh\u00e1zlelk\u00e9sz<\/span><br \/><span style=\"color: #000000;\">Telefon: <strong>+36-20-243-5494<\/strong><\/span><br \/><span style=\"color: #000000;\">Email: <strong>agapao@gmail.hu<\/strong> <em>(FIGYELEM! Az email c\u00edm orsz\u00e1gk\u00f3dja: gmail.<span style=\"color: #ff0000;\"><strong>hu <\/strong><\/span>!)<\/em><\/span><\/p>\n<p><strong><span style=\"color: #0000ff;\"><em>Banksz\u00e1mlasz\u00e1munk:<\/em><\/span><\/strong><br \/><span style=\"color: #000000;\"><strong>Sarkad-\u00dajteleki Ref. Egyh\u00e1zk.<br \/>10918001-00000081-12830005<\/strong><\/span><strong><span style=\"color: #000000;\"> (UniCredit Bank)<\/span> <\/strong><\/p>\n\n\n<div class=\"wp-block-image is-style-rounded\"><figure class=\"aligncenter size-large is-resized\"><img loading=\"lazy\" decoding=\"async\" src=\"https:\/\/sarkadujtelek.reformatus.hu\/wp-content\/uploads\/2020\/06\/Templomkicsiovhoz_20200411.jpg\" alt=\"\" class=\"wp-image-21\" width=\"300\" height=\"455\" srcset=\"https:\/\/sarkadujtelek.reformatus.hu\/wp-content\/uploads\/2020\/06\/Templomkicsiovhoz_20200411.jpg 419w, https:\/\/sarkadujtelek.reformatus.hu\/wp-content\/uploads\/2020\/06\/Templomkicsiovhoz_20200411-198x300.jpg 198w\" sizes=\"auto, (max-width: 300px) 100vw, 300px\" \/><\/figure><\/div>\n","protected":false},"excerpt":{"rendered":"<p>Templomunk c\u00edme:Sarkad, Gyulai \u00fat 28. Egyh\u00e1zk\u00f6zs\u00e9g\u00fcnk postac\u00edme, \u00e9s egyben a lelk\u00e9szi hivatal c\u00edme:Sarkad-\u00dajteleki Reform\u00e1tus Egyh\u00e1zk\u00f6zs\u00e9g5720 Sarkad, Dessewffy u. 4. Telefon:+36-20-549-5415 Elektronikus c\u00edm\u00fcnk:sarkad-ujtelek@reformatus.husarkadujtelek@bekesmegye.reformatus.hu Az egyh\u00e1zk\u00f6zs\u00e9g eln\u00f6ks\u00e9ge:Fut\u00f3 Zolt\u00e1n J\u00f3zsef lelk\u00e9sz \u00e9s Sajti Lajosn\u00e9 gondnok A k\u00f3rh\u00e1zlelk\u00e9szi szolg\u00e1lat el\u00e9rhet\u0151s\u00e9ge:Kittlingern\u00e9 T\u00f3th M\u00e1rta k\u00f3rh\u00e1zlelk\u00e9szTelefon: +36-20-243-5494Email: agapao@gmail.hu (FIGYELEM! Az email c\u00edm orsz\u00e1gk\u00f3dja: gmail.hu !) Banksz\u00e1mlasz\u00e1munk:Sarkad-\u00dajteleki Ref. Egyh\u00e1zk.10918001-00000081-12830005 (UniCredit Bank)<\/p>\n","protected":false},"author":1,"featured_media":0,"parent":0,"menu_order":0,"comment_status":"closed","ping_status":"closed","template":"","meta":{"footnotes":""},"class_list":["post-92","page","type-page","status-publish","hentry","post"],"_links":{"self":[{"href":"https:\/\/sarkadujtelek.reformatus.hu\/index.php\/wp-json\/wp\/v2\/pages\/92","targetHints":{"allow":["GET"]}}],"collection":[{"href":"https:\/\/sarkadujtelek.reformatus.hu\/index.php\/wp-json\/wp\/v2\/pages"}],"about":[{"href":"https:\/\/sarkadujtelek.reformatus.hu\/index.php\/wp-json\/wp\/v2\/types\/page"}],"author":[{"embeddable":true,"href":"https:\/\/sarkadujtelek.reformatus.hu\/index.php\/wp-json\/wp\/v2\/users\/1"}],"replies":[{"embeddable":true,"href":"https:\/\/sarkadujtelek.reformatus.hu\/index.php\/wp-json\/wp\/v2\/comments?post=92"}],"version-history":[{"count":12,"href":"https:\/\/sarkadujtelek.reformatus.hu\/index.php\/wp-json\/wp\/v2\/pages\/92\/revisions"}],"predecessor-version":[{"id":199,"href":"https:\/\/sarkadujtelek.reformatus.hu\/index.php\/wp-json\/wp\/v2\/pages\/92\/revisions\/199"}],"wp:attachment":[{"href":"https:\/\/sarkadujtelek.reformatus.hu\/index.php\/wp-json\/wp\/v2\/media?parent=92"}],"curies":[{"name":"wp","href":"https:\/\/api.w.org\/{rel}","templated":true}]}}