{"id":82,"date":"2020-11-16T17:42:44","date_gmt":"2020-11-16T17:42:44","guid":{"rendered":"https:\/\/sarkadujtelek.reformatus.hu\/?page_id=82"},"modified":"2020-12-01T17:59:43","modified_gmt":"2020-12-01T17:59:43","slug":"rolunk","status":"publish","type":"page","link":"https:\/\/sarkadujtelek.reformatus.hu\/index.php\/rolunk\/","title":{"rendered":"R\u00f3lunk"},"content":{"rendered":"<p><span style=\"color: #241da8;\"><strong>A Szenth\u00e1roms\u00e1g Istent valljuk, aki Aty\u00e1nkk\u00e1 lett az \u00e9rt\u00fcnk \u00e9s az eg\u00e9sz vil\u00e1g\u00e9rt meghalt \u00e9s felt\u00e1madott \u00dar J\u00e9zus Krisztus \u00e1ltal.<\/strong><\/span><br \/>\n<span style=\"color: #241da8;\">J\u00e9zus Krisztus megv\u00e1lt\u00f3, \u00fcdv\u00f6z\u00edt\u0151 szeretet\u00e9t, a teremt\u0151 \u00e9s gondvisel\u0151 Isten j\u00f3s\u00e1g\u00e1t hirdetj\u00fck, aki Szentlelke \u00e1ltal alkalmass\u00e1 \u00e9s k\u00e9pess\u00e9 tesz Isten \u00e9s embert\u00e1rsaink szeretet\u00e9re, a b\u0171n elleni harcra \u00e9s az \u00f6r\u00f6k \u00e9let rem\u00e9nyteli v\u00e1r\u00e1s\u00e1ra.<\/span><br \/>\n<span style=\"color: #241da8;\">Fent olvashat\u00f3: <strong>Soli Deo Gloria<\/strong>, ami azt jelenti: <strong>Egyed\u00fcl Isten\u00e9 a dics\u0151s\u00e9g!<\/strong><\/span><br \/>\n<span style=\"color: #241da8;\">Valljuk, hogy minden\u00e9rt, ami csak j\u00f3 t\u00f6rt\u00e9nhetett gy\u00fclekezet\u00fcnk \u00e9let\u00e9ben, egyed\u00fcl Isten\u00e9 a dics\u0151s\u00e9g!<\/span><br \/>\n<span style=\"color: #241da8;\">Szeretettel v\u00e1runk mindenkit, aki meg szeretn\u00e9 ismerni gy\u00fclekezet\u00fcnk \u00e9let\u00e9t.<\/span><\/p>\n<p><span style=\"color: #241da8;\">A Sarkad-\u00dajteleki Reform\u00e1tus Gy\u00fclekezet az 1920-as \u00e9vek v\u00e9g\u00e9n kezdett kialakulni.<\/span><br \/>\n<span style=\"color: #241da8;\">1928. szeptember\u00e9ben indult az oktat\u00e1s az elemi n\u00e9piskol\u00e1ban, amelynek \u00e9p\u00fclete a templomunkkal \u00e1tellenben l\u00e9v\u0151 sarkon \u00e1ll. Itt, az egym\u00e1sba nyithat\u00f3 tanteremben kezdtek el istentiszteleteket tartani, el\u0151sz\u00f6r csak nagy \u00fcnnepeken, majd egyre rendszeresebben.<\/span><br \/>\n<span style=\"color: #241da8;\">1937-re m\u00e1r ig\u00e9ny mutatkozott arra, hogy a Sarkadi Reform\u00e1tus Egyh\u00e1znak legyen egy m\u00e1sodik egyh\u00e1zr\u00e9sze is , amely az \u0151si v\u00e1rosr\u00e9szen k\u00edv\u00fcli telep\u00fcl\u00e9sr\u00e9szek (az \u00fan. V. \u00e9s VI. ker\u00fclet, tov\u00e1bb\u00e1 \u0150si puszta, a Cukorgy\u00e1r, Fekete\u00e9ri puszta, Jen\u0151 puszta \u00e9s M\u00e9hker\u00e9k sz\u00f3rv\u00e1ny) reform\u00e1tuss\u00e1g\u00e1b\u00f3l \u00e1llt fel. A II. egyh\u00e1zr\u00e9sz 1938. janu\u00e1r 12-re j\u00f6tt l\u00e9tre. Ekkor alakult meg az egyh\u00e1zr\u00e9sz tan\u00e1csa. Ett\u0151l az id\u0151pontt\u00f3l sz\u00e1m\u00edthatjuk az \u00fajteleki gy\u00fclekezetet, mint r\u00e9szben \u00f6n\u00e1ll\u00f3 k\u00f6z\u00f6ss\u00e9get.<\/span><br \/>\n<span style=\"color: #241da8;\">Az \u00f6n\u00e1ll\u00f3 Sarkad-\u00dajteleki Reform\u00e1tus Egyh\u00e1zk\u00f6zs\u00e9g 1948. okt\u00f3ber 1-j\u00e9vel alakult meg. Az els\u0151 lelkip\u00e1sztora az akkor m\u00e1r 10 \u00e9ve Sarkadon szolg\u00e1l\u00f3 J\u00f3zsa L\u00e1szl\u00f3 lett.<\/span><br \/>\n<span style=\"color: #241da8;\">1951-ben \u00e9p\u00fclt fel a gy\u00fclekezet\u00fcnk temploma. A munk\u00e1latokat 1952. tavasz\u00e1n fejezt\u00e9k be, \u00e9s a templomot 1952. j\u00fanius 15-\u00e9n szentelt\u00e9k fel.<\/span><\/p>\n<p><span style=\"color: #241da8;\">Gy\u00fclekezet\u00fcnk jelenleg kis l\u00e9tsz\u00e1m\u00fa gy\u00fclekezet, de szeretetben \u00e9l, \u00e9s nagy \u00e1ldozatokat hoz, hogy \u00f6n\u00e1ll\u00f3 gy\u00fclekezet maradhasson.<\/span><\/p>\n","protected":false},"excerpt":{"rendered":"<p>A Szenth\u00e1roms\u00e1g Istent valljuk, aki Aty\u00e1nkk\u00e1 lett az \u00e9rt\u00fcnk \u00e9s az eg\u00e9sz vil\u00e1g\u00e9rt meghalt \u00e9s felt\u00e1madott \u00dar J\u00e9zus Krisztus \u00e1ltal. J\u00e9zus Krisztus megv\u00e1lt\u00f3, \u00fcdv\u00f6z\u00edt\u0151 szeretet\u00e9t, a teremt\u0151 \u00e9s gondvisel\u0151 Isten j\u00f3s\u00e1g\u00e1t hirdetj\u00fck, aki Szentlelke \u00e1ltal alkalmass\u00e1 \u00e9s k\u00e9pess\u00e9 tesz Isten \u00e9s embert\u00e1rsaink szeretet\u00e9re, a b\u0171n elleni harcra \u00e9s az \u00f6r\u00f6k \u00e9let rem\u00e9nyteli v\u00e1r\u00e1s\u00e1ra. Fent olvashat\u00f3: [&hellip;]<\/p>\n","protected":false},"author":1,"featured_media":0,"parent":0,"menu_order":0,"comment_status":"closed","ping_status":"closed","template":"","meta":{"footnotes":""},"class_list":["post-82","page","type-page","status-publish","hentry","post"],"_links":{"self":[{"href":"https:\/\/sarkadujtelek.reformatus.hu\/index.php\/wp-json\/wp\/v2\/pages\/82","targetHints":{"allow":["GET"]}}],"collection":[{"href":"https:\/\/sarkadujtelek.reformatus.hu\/index.php\/wp-json\/wp\/v2\/pages"}],"about":[{"href":"https:\/\/sarkadujtelek.reformatus.hu\/index.php\/wp-json\/wp\/v2\/types\/page"}],"author":[{"embeddable":true,"href":"https:\/\/sarkadujtelek.reformatus.hu\/index.php\/wp-json\/wp\/v2\/users\/1"}],"replies":[{"embeddable":true,"href":"https:\/\/sarkadujtelek.reformatus.hu\/index.php\/wp-json\/wp\/v2\/comments?post=82"}],"version-history":[{"count":10,"href":"https:\/\/sarkadujtelek.reformatus.hu\/index.php\/wp-json\/wp\/v2\/pages\/82\/revisions"}],"predecessor-version":[{"id":206,"href":"https:\/\/sarkadujtelek.reformatus.hu\/index.php\/wp-json\/wp\/v2\/pages\/82\/revisions\/206"}],"wp:attachment":[{"href":"https:\/\/sarkadujtelek.reformatus.hu\/index.php\/wp-json\/wp\/v2\/media?parent=82"}],"curies":[{"name":"wp","href":"https:\/\/api.w.org\/{rel}","templated":true}]}}