{"id":333,"date":"2021-03-08T09:57:57","date_gmt":"2021-03-08T09:57:57","guid":{"rendered":"https:\/\/sarkadujtelek.reformatus.hu\/?page_id=333"},"modified":"2021-04-11T19:38:53","modified_gmt":"2021-04-11T19:38:53","slug":"hittan","status":"publish","type":"page","link":"https:\/\/sarkadujtelek.reformatus.hu\/index.php\/hittan\/","title":{"rendered":"Hittan"},"content":{"rendered":"\n<p><a href=\"https:\/\/sarkadujtelek.reformatus.hu\/wp-content\/uploads\/2021\/04\/1_Jezus_kanai_menyegzon.pptx\" data-type=\"URL\" data-id=\"https:\/\/sarkadujtelek.reformatus.hu\/wp-content\/uploads\/2021\/04\/1_Jezus_kanai_menyegzon.pptx\">1. oszt\u00e1ly: J\u00e9zus a k\u00e1nai menyegz\u0151n<\/a><\/p>\n\n\n\n<p><a href=\"https:\/\/sarkadujtelek.reformatus.hu\/wp-content\/uploads\/2021\/03\/2_o.Jezus_utja_a_kereszttel.pptx\" data-type=\"URL\" data-id=\"https:\/\/sarkadujtelek.reformatus.hu\/wp-content\/uploads\/2021\/03\/2_o.Jezus_utja_a_kereszttel.pptx\">2. oszt\u00e1ly: J\u00e9zus \u00fatja a kereszttel<\/a><\/p>\n\n\n\n<p><a href=\"https:\/\/sarkadujtelek.reformatus.hu\/wp-content\/uploads\/2021\/03\/2_Jezus_tanitvannya_hiv.pptx\" data-type=\"URL\" data-id=\"https:\/\/sarkadujtelek.reformatus.hu\/wp-content\/uploads\/2021\/03\/2_Jezus_tanitvannya_hiv.pptx\">2. oszt\u00e1ly: J\u00e9zus tan\u00edtv\u00e1nny\u00e1 h\u00edv<\/a><\/p>\n\n\n\n<p><a href=\"https:\/\/sarkadujtelek.reformatus.hu\/wp-content\/uploads\/2021\/03\/4_Zebedeus-fiak-kerese.pptx\" data-type=\"URL\" data-id=\"https:\/\/sarkadujtelek.reformatus.hu\/wp-content\/uploads\/2021\/03\/4_Zebedeus-fiak-kerese.pptx\">4. oszt\u00e1ly: Zebedeus fiainak k\u00e9r\u00e9se<\/a><\/p>\n\n\n\n<p><a href=\"https:\/\/sarkadujtelek.reformatus.hu\/wp-content\/uploads\/2021\/03\/6_Jezus_Isten_Fia_Ra_hallgassatok.pptx\" data-type=\"URL\" data-id=\"https:\/\/sarkadujtelek.reformatus.hu\/wp-content\/uploads\/2021\/03\/6_Jezus_Isten_Fia_Ra_hallgassatok.pptx\">6. oszt\u00e1ly: J\u00e9zus Isten Fia &#8211; \u0150r\u00e1 hallgassatok!<\/a><\/p>\n\n\n\n<p><a href=\"https:\/\/sarkadujtelek.reformatus.hu\/wp-content\/uploads\/2021\/03\/7_Hogyan_banjunk_javainkkal.pptx\" data-type=\"URL\" data-id=\"https:\/\/sarkadujtelek.reformatus.hu\/wp-content\/uploads\/2021\/03\/7_Hogyan_banjunk_javainkkal.pptx\">7. oszt\u00e1ly: Hogyan b\u00e1njunk a javainkkal?<\/a><\/p>\n","protected":false},"excerpt":{"rendered":"<p>1. oszt\u00e1ly: J\u00e9zus a k\u00e1nai menyegz\u0151n 2. oszt\u00e1ly: J\u00e9zus \u00fatja a kereszttel 2. oszt\u00e1ly: J\u00e9zus tan\u00edtv\u00e1nny\u00e1 h\u00edv 4. oszt\u00e1ly: Zebedeus fiainak k\u00e9r\u00e9se 6. oszt\u00e1ly: J\u00e9zus Isten Fia &#8211; \u0150r\u00e1 hallgassatok! 7. oszt\u00e1ly: Hogyan b\u00e1njunk a javainkkal?<\/p>\n","protected":false},"author":1,"featured_media":0,"parent":0,"menu_order":0,"comment_status":"closed","ping_status":"closed","template":"","meta":{"footnotes":""},"class_list":["post-333","page","type-page","status-publish","hentry","post"],"_links":{"self":[{"href":"https:\/\/sarkadujtelek.reformatus.hu\/index.php\/wp-json\/wp\/v2\/pages\/333","targetHints":{"allow":["GET"]}}],"collection":[{"href":"https:\/\/sarkadujtelek.reformatus.hu\/index.php\/wp-json\/wp\/v2\/pages"}],"about":[{"href":"https:\/\/sarkadujtelek.reformatus.hu\/index.php\/wp-json\/wp\/v2\/types\/page"}],"author":[{"embeddable":true,"href":"https:\/\/sarkadujtelek.reformatus.hu\/index.php\/wp-json\/wp\/v2\/users\/1"}],"replies":[{"embeddable":true,"href":"https:\/\/sarkadujtelek.reformatus.hu\/index.php\/wp-json\/wp\/v2\/comments?post=333"}],"version-history":[{"count":7,"href":"https:\/\/sarkadujtelek.reformatus.hu\/index.php\/wp-json\/wp\/v2\/pages\/333\/revisions"}],"predecessor-version":[{"id":408,"href":"https:\/\/sarkadujtelek.reformatus.hu\/index.php\/wp-json\/wp\/v2\/pages\/333\/revisions\/408"}],"wp:attachment":[{"href":"https:\/\/sarkadujtelek.reformatus.hu\/index.php\/wp-json\/wp\/v2\/media?parent=333"}],"curies":[{"name":"wp","href":"https:\/\/api.w.org\/{rel}","templated":true}]}}