{"id":2,"date":"2020-06-03T12:25:25","date_gmt":"2020-06-03T12:25:25","guid":{"rendered":"https:\/\/sarkadujtelek.reformatus.hu\/?page_id=2"},"modified":"2020-11-16T19:28:46","modified_gmt":"2020-11-16T19:28:46","slug":"sample-page","status":"publish","type":"page","link":"https:\/\/sarkadujtelek.reformatus.hu\/","title":{"rendered":"K\u00f6sz\u00f6nt\u00e9s"},"content":{"rendered":"\n<h2 class=\"wp-block-heading\" style=\"font-size:22px\">Szeretettel k\u00f6sz\u00f6ntj\u00fck a sarkad-\u00fajteleki gy\u00fclekezet weboldal\u00e1n! <br>Sarkad v\u00e1ros\u00e1nak \u00fan. teleki r\u00e9sz\u00e9n \u00e9p\u00fclt fel templomunk, ahol \u00f6sszegy\u0171l\u00fcnk alkalmainkra.<br>Szeretettel v\u00e1runk mindenkit a Gyulai \u00fat 28. sz\u00e1m al\u00e1!<\/h2>\n\n\n\n<figure class=\"wp-block-image size-large is-style-default\"><img loading=\"lazy\" decoding=\"async\" width=\"1024\" height=\"1024\" src=\"https:\/\/sarkadujtelek.reformatus.hu\/wp-content\/uploads\/2020\/06\/20200411_181542-rotated-e1591191869298-1024x1024.jpg\" alt=\"\" class=\"wp-image-5\" srcset=\"https:\/\/sarkadujtelek.reformatus.hu\/wp-content\/uploads\/2020\/06\/20200411_181542-rotated-e1591191869298-1024x1024.jpg 1024w, https:\/\/sarkadujtelek.reformatus.hu\/wp-content\/uploads\/2020\/06\/20200411_181542-rotated-e1591191869298-300x300.jpg 300w, https:\/\/sarkadujtelek.reformatus.hu\/wp-content\/uploads\/2020\/06\/20200411_181542-rotated-e1591191869298-150x150.jpg 150w, https:\/\/sarkadujtelek.reformatus.hu\/wp-content\/uploads\/2020\/06\/20200411_181542-rotated-e1591191869298-768x768.jpg 768w, https:\/\/sarkadujtelek.reformatus.hu\/wp-content\/uploads\/2020\/06\/20200411_181542-rotated-e1591191869298-1536x1536.jpg 1536w, https:\/\/sarkadujtelek.reformatus.hu\/wp-content\/uploads\/2020\/06\/20200411_181542-rotated-e1591191869298-2048x2048.jpg 2048w\" sizes=\"auto, (max-width: 1024px) 100vw, 1024px\" \/><\/figure>\n","protected":false},"excerpt":{"rendered":"<p>Szeretettel k\u00f6sz\u00f6ntj\u00fck a sarkad-\u00fajteleki gy\u00fclekezet weboldal\u00e1n! Sarkad v\u00e1ros\u00e1nak \u00fan. teleki r\u00e9sz\u00e9n \u00e9p\u00fclt fel templomunk, ahol \u00f6sszegy\u0171l\u00fcnk alkalmainkra.Szeretettel v\u00e1runk mindenkit a Gyulai \u00fat 28. sz\u00e1m al\u00e1!<\/p>\n","protected":false},"author":1,"featured_media":0,"parent":0,"menu_order":0,"comment_status":"closed","ping_status":"closed","template":"","meta":{"footnotes":""},"class_list":["post-2","page","type-page","status-publish","hentry","post"],"_links":{"self":[{"href":"https:\/\/sarkadujtelek.reformatus.hu\/index.php\/wp-json\/wp\/v2\/pages\/2","targetHints":{"allow":["GET"]}}],"collection":[{"href":"https:\/\/sarkadujtelek.reformatus.hu\/index.php\/wp-json\/wp\/v2\/pages"}],"about":[{"href":"https:\/\/sarkadujtelek.reformatus.hu\/index.php\/wp-json\/wp\/v2\/types\/page"}],"author":[{"embeddable":true,"href":"https:\/\/sarkadujtelek.reformatus.hu\/index.php\/wp-json\/wp\/v2\/users\/1"}],"replies":[{"embeddable":true,"href":"https:\/\/sarkadujtelek.reformatus.hu\/index.php\/wp-json\/wp\/v2\/comments?post=2"}],"version-history":[{"count":3,"href":"https:\/\/sarkadujtelek.reformatus.hu\/index.php\/wp-json\/wp\/v2\/pages\/2\/revisions"}],"predecessor-version":[{"id":108,"href":"https:\/\/sarkadujtelek.reformatus.hu\/index.php\/wp-json\/wp\/v2\/pages\/2\/revisions\/108"}],"wp:attachment":[{"href":"https:\/\/sarkadujtelek.reformatus.hu\/index.php\/wp-json\/wp\/v2\/media?parent=2"}],"curies":[{"name":"wp","href":"https:\/\/api.w.org\/{rel}","templated":true}]}}