{"id":126,"date":"2020-11-17T10:37:56","date_gmt":"2020-11-17T10:37:56","guid":{"rendered":"https:\/\/sarkadujtelek.reformatus.hu\/?page_id=126"},"modified":"2021-02-27T17:59:05","modified_gmt":"2021-02-27T17:59:05","slug":"hireink","status":"publish","type":"page","link":"https:\/\/sarkadujtelek.reformatus.hu\/index.php\/hireink\/","title":{"rendered":"H\u00edreink"},"content":{"rendered":"\n<p><strong><a href=\"https:\/\/sarkadujtelek.reformatus.hu\/wp-content\/uploads\/2021\/02\/eOltalom_a_Covid\u201319_idejen.pdf\" data-type=\"URL\" data-id=\"https:\/\/sarkadujtelek.reformatus.hu\/wp-content\/uploads\/2021\/02\/eOltalom_a_Covid\u201319_idejen.pdf\"><span style=\"color:#2306e5\" class=\"has-inline-color\">Oltalom<\/span><\/a> <\/strong>&#8211; Seg\u00edts\u00e9g betegeknek, hozz\u00e1tartoz\u00f3knak, seg\u00edt\u0151 szakm\u00e1ban dolgoz\u00f3knak a Covid-19 j\u00e1rv\u00e1ny idej\u00e9n. A kis f\u00fczet let\u00f6lthet\u0151, szabadon tov\u00e1bbadhat\u00f3 b\u00e1rkinek.<\/p>\n\n\n\n<p><\/p>\n\n\n\n<p>Ha Isten is engedi, \u00e9s \u00e9l\u00fcnk, <strong><span style=\"color:#2306e5\" class=\"has-inline-color\">2021. janu\u00e1r 31-\u00e9n \u00fajra megnyitjuk a templomunkat<\/span><\/strong>, szem\u00e9lyes r\u00e9szv\u00e9tellel tartott istentiszteletekre.<\/p>\n\n\n\n<p><\/p>\n\n\n<p style=\"text-align: left;\"><span style=\"color: #0000ff;\"><strong>A k\u00f3rh\u00e1zlelk\u00e9szi szolg\u00e1lat<\/strong><\/span> munk\u00e1j\u00e1ra tal\u00e1n minden m\u00e1s id\u0151szakn\u00e1l nagyobb sz\u00fcks\u00e9g van most, a koronav\u00edrus j\u00e1rv\u00e1ny idej\u00e9n. Amikor im\u00e1dkozunk az eg\u00e9szs\u00e9g\u00fcgyi dolgoz\u00f3k\u00e9rt \u00e9s a betegek\u00e9rt, k\u00fcl\u00f6n\u00f6sen im\u00e1dkozzunk a k\u00f3rh\u00e1zlelk\u00e9szek\u00e9rt is!<\/p>\n<p>A k\u00f3rh\u00e1zlelk\u00e9szi szolg\u00e1latot covid-betegek \u00e9s hozz\u00e1tartoz\u00f3ik is h\u00edvhatj\u00e1k! <br data-rich-text-line-break=\"true\" \/><a href=\"https:\/\/sarkadujtelek.reformatus.hu\/index.php\/elerhetosegunk\/\" data-type=\"URL\" data-id=\"https:\/\/sarkadujtelek.reformatus.hu\/index.php\/elerhetosegunk\/\"><span style=\"color: #0000ff;\"><strong>A k\u00f3rh\u00e1zlelk\u00e9szi szolg\u00e1lat el\u00e9rhet\u0151s\u00e9g\u00e9t az &#8222;El\u00e9rhet\u0151s\u00e9g\u00fcnk&#8221; oldalon lehet megtekinteni<\/strong><strong>!<\/strong><\/span><\/a><\/p>\n\n\n<div class=\"wp-block-columns is-layout-flex wp-container-core-columns-is-layout-1 wp-block-columns-is-layout-flex\">\n<div class=\"wp-block-column is-layout-flow wp-block-column-is-layout-flow\">\n<p><span style=\"color: #0000ff;\"><strong>Elindult \u00faj weblapunk <\/strong><\/span>2020. november 15-\u00e9n. K\u00f6sz\u00f6nettel fogadunk minden \u00e9szrev\u00e9telt, tan\u00e1csot.<\/p>\n\n\n\n<p><\/p>\n<\/div>\n<\/div>\n","protected":false},"excerpt":{"rendered":"<p>Oltalom &#8211; Seg\u00edts\u00e9g betegeknek, hozz\u00e1tartoz\u00f3knak, seg\u00edt\u0151 szakm\u00e1ban dolgoz\u00f3knak a Covid-19 j\u00e1rv\u00e1ny idej\u00e9n. A kis f\u00fczet let\u00f6lthet\u0151, szabadon tov\u00e1bbadhat\u00f3 b\u00e1rkinek. Ha Isten is engedi, \u00e9s \u00e9l\u00fcnk, 2021. janu\u00e1r 31-\u00e9n \u00fajra megnyitjuk a templomunkat, szem\u00e9lyes r\u00e9szv\u00e9tellel tartott istentiszteletekre. A k\u00f3rh\u00e1zlelk\u00e9szi szolg\u00e1lat munk\u00e1j\u00e1ra tal\u00e1n minden m\u00e1s id\u0151szakn\u00e1l nagyobb sz\u00fcks\u00e9g van most, a koronav\u00edrus j\u00e1rv\u00e1ny idej\u00e9n. Amikor im\u00e1dkozunk az [&hellip;]<\/p>\n","protected":false},"author":1,"featured_media":0,"parent":0,"menu_order":0,"comment_status":"closed","ping_status":"closed","template":"","meta":{"footnotes":""},"class_list":["post-126","page","type-page","status-publish","hentry","post"],"_links":{"self":[{"href":"https:\/\/sarkadujtelek.reformatus.hu\/index.php\/wp-json\/wp\/v2\/pages\/126","targetHints":{"allow":["GET"]}}],"collection":[{"href":"https:\/\/sarkadujtelek.reformatus.hu\/index.php\/wp-json\/wp\/v2\/pages"}],"about":[{"href":"https:\/\/sarkadujtelek.reformatus.hu\/index.php\/wp-json\/wp\/v2\/types\/page"}],"author":[{"embeddable":true,"href":"https:\/\/sarkadujtelek.reformatus.hu\/index.php\/wp-json\/wp\/v2\/users\/1"}],"replies":[{"embeddable":true,"href":"https:\/\/sarkadujtelek.reformatus.hu\/index.php\/wp-json\/wp\/v2\/comments?post=126"}],"version-history":[{"count":12,"href":"https:\/\/sarkadujtelek.reformatus.hu\/index.php\/wp-json\/wp\/v2\/pages\/126\/revisions"}],"predecessor-version":[{"id":317,"href":"https:\/\/sarkadujtelek.reformatus.hu\/index.php\/wp-json\/wp\/v2\/pages\/126\/revisions\/317"}],"wp:attachment":[{"href":"https:\/\/sarkadujtelek.reformatus.hu\/index.php\/wp-json\/wp\/v2\/media?parent=126"}],"curies":[{"name":"wp","href":"https:\/\/api.w.org\/{rel}","templated":true}]}}