{"id":120,"date":"2020-11-17T10:27:19","date_gmt":"2020-11-17T10:27:19","guid":{"rendered":"https:\/\/sarkadujtelek.reformatus.hu\/?page_id=120"},"modified":"2021-02-28T17:24:34","modified_gmt":"2021-02-28T17:24:34","slug":"istentiszteletek","status":"publish","type":"page","link":"https:\/\/sarkadujtelek.reformatus.hu\/index.php\/istentiszteletek\/","title":{"rendered":"Istentiszteletek"},"content":{"rendered":"\n<p class=\"has-text-align-center has-text-color\" style=\"color:#cd0d0d\"><strong>A templomi istentiszteleteinket jelenleg megtartjuk, de a koronav\u00edrus j\u00e1rv\u00e1ny aktu\u00e1lis helyzet\u00e9hez igazodva, el\u0151fordulhat, hogy m\u00e9g ism\u00e9t kell sz\u00fcneteltetn\u00fcnk az alkalmainkat.<\/strong><br><strong>Az &#8222;Igehirdet\u00e9sek&#8221; oldalon hallgathat\u00f3 \u00e9s hang vagy \u00edr\u00e1s form\u00e1j\u00e1ban let\u00f6lthet\u0151 istentiszteletek tal\u00e1lhat\u00f3k.<\/strong><\/p>\n\n\n\n<div class=\"wp-block-columns are-vertically-aligned-top is-layout-flex wp-container-core-columns-is-layout-1 wp-block-columns-is-layout-flex\">\n<div class=\"wp-block-column is-vertically-aligned-top is-layout-flow wp-block-column-is-layout-flow\">\n<div class=\"wp-block-buttons is-layout-flex wp-block-buttons-is-layout-flex\">\n<div class=\"wp-block-button\"><a class=\"wp-block-button__link has-white-color has-text-color has-background\" href=\"https:\/\/sarkadujtelek.reformatus.hu\/index.php\/istentiszteletek\/igehirdetesek\/\" style=\"background-color:#076945\">Hallgathat\u00f3, let\u00f6lthet\u0151 igehirdet\u00e9sek<\/a><\/div>\n<\/div>\n<\/div>\n\n\n\n<div class=\"wp-block-column is-vertically-aligned-top is-layout-flow wp-block-column-is-layout-flow\">\n<div class=\"wp-block-buttons aligncenter is-layout-flex wp-block-buttons-is-layout-flex\">\n<div class=\"wp-block-button\"><a class=\"wp-block-button__link has-white-color has-text-color has-background\" href=\"https:\/\/sarkadujtelek.reformatus.hu\/index.php\/istentiszteletek\/ahitatok\/\" style=\"background-color:#076945\">\u00c1h\u00edtatok<\/a><\/div>\n<\/div>\n<\/div>\n\n\n\n<div class=\"wp-block-column is-vertically-aligned-top is-layout-flow wp-block-column-is-layout-flow\">\n<div class=\"wp-block-buttons is-layout-flex wp-block-buttons-is-layout-flex\">\n<div class=\"wp-block-button\"><a class=\"wp-block-button__link has-white-color has-text-color has-background\" href=\"https:\/\/sarkadujtelek.reformatus.hu\/index.php\/istentiszteletek\/imadsagok\/\" style=\"background-color:#076945\">Im\u00e1ds\u00e1gok<\/a><\/div>\n<\/div>\n<\/div>\n<\/div>\n","protected":false},"excerpt":{"rendered":"<p>A templomi istentiszteleteinket jelenleg megtartjuk, de a koronav\u00edrus j\u00e1rv\u00e1ny aktu\u00e1lis helyzet\u00e9hez igazodva, el\u0151fordulhat, hogy m\u00e9g ism\u00e9t kell sz\u00fcneteltetn\u00fcnk az alkalmainkat.Az &#8222;Igehirdet\u00e9sek&#8221; oldalon hallgathat\u00f3 \u00e9s hang vagy \u00edr\u00e1s form\u00e1j\u00e1ban let\u00f6lthet\u0151 istentiszteletek tal\u00e1lhat\u00f3k.<\/p>\n","protected":false},"author":1,"featured_media":0,"parent":0,"menu_order":0,"comment_status":"closed","ping_status":"closed","template":"","meta":{"footnotes":""},"class_list":["post-120","page","type-page","status-publish","hentry","post"],"_links":{"self":[{"href":"https:\/\/sarkadujtelek.reformatus.hu\/index.php\/wp-json\/wp\/v2\/pages\/120","targetHints":{"allow":["GET"]}}],"collection":[{"href":"https:\/\/sarkadujtelek.reformatus.hu\/index.php\/wp-json\/wp\/v2\/pages"}],"about":[{"href":"https:\/\/sarkadujtelek.reformatus.hu\/index.php\/wp-json\/wp\/v2\/types\/page"}],"author":[{"embeddable":true,"href":"https:\/\/sarkadujtelek.reformatus.hu\/index.php\/wp-json\/wp\/v2\/users\/1"}],"replies":[{"embeddable":true,"href":"https:\/\/sarkadujtelek.reformatus.hu\/index.php\/wp-json\/wp\/v2\/comments?post=120"}],"version-history":[{"count":11,"href":"https:\/\/sarkadujtelek.reformatus.hu\/index.php\/wp-json\/wp\/v2\/pages\/120\/revisions"}],"predecessor-version":[{"id":326,"href":"https:\/\/sarkadujtelek.reformatus.hu\/index.php\/wp-json\/wp\/v2\/pages\/120\/revisions\/326"}],"wp:attachment":[{"href":"https:\/\/sarkadujtelek.reformatus.hu\/index.php\/wp-json\/wp\/v2\/media?parent=120"}],"curies":[{"name":"wp","href":"https:\/\/api.w.org\/{rel}","templated":true}]}}