{"id":115,"date":"2020-11-17T10:36:22","date_gmt":"2020-11-17T10:36:22","guid":{"rendered":"https:\/\/sarkadujtelek.reformatus.hu\/?page_id=115"},"modified":"2021-02-28T17:40:33","modified_gmt":"2021-02-28T17:40:33","slug":"imadsagok","status":"publish","type":"page","link":"https:\/\/sarkadujtelek.reformatus.hu\/index.php\/istentiszteletek\/imadsagok\/","title":{"rendered":"Im\u00e1ds\u00e1gok"},"content":{"rendered":"\n<figure class=\"wp-block-table is-style-stripes\"><table><tbody><tr><td class=\"has-text-align-center\" data-align=\"center\"><strong><span style=\"color:#251991\" class=\"has-inline-color\">J\u00e9zus, Isten Fia<\/span><\/strong><br><span style=\"color:#170c82\" class=\"has-inline-color\"><br>T\u00fcnd\u00f6kl\u0151 jellem, isteni L\u00e9ny,<br>Szavad hirdeti, van m\u00e9g rem\u00e9ny,<br>Mennyei f\u00e9ny.<br>\u201eSzent elgondol\u00e1s\u201d \u2013 \u00edrta Ady,<br>Kit csak Isten gondolhat ki.<br>\u00a0<br>\u00c1radj sz\u00edv\u00fcnkbe Lelkeddel,<br>L\u00e9ny\u00fcnk t\u00f6ltsd be f\u00e9nyeddel,<br>\u00c9gi j\u00f3s\u00e1g, Vil\u00e1goss\u00e1g.<br>\u00a0<br>S most, hogy ezt \u00edgy \u00e9rzem,<br>Lelkemben \u00e9n m\u00e9lyen<br>Leborulok \u00e9s elhallgatok.<br><\/span><br><em><span style=\"color:#170c82\" class=\"has-inline-color\">(Komor\u00f3czy Istv\u00e1n<\/span>)<\/em><\/td><\/tr><\/tbody><\/table><\/figure>\n\n\n\n<figure class=\"wp-block-table is-style-stripes\"><table><tbody><tr><td class=\"has-text-align-center\" data-align=\"center\"><strong><span style=\"color:#251991\" class=\"has-inline-color\">Mivel esend\u0151 volt\u00e1l, im\u00e1dlak&#8230;<\/span><\/strong><br><span style=\"color:#170c82\" class=\"has-inline-color\"><br>J\u00e9zus, b\u0171n n\u00e9lk\u00fcl mik\u00f6z\u00e9nk j\u00f6tt\u00e9l<br>Hozz\u00e1nk hasonl\u00f3 lett\u00e9l<br>\u00c9s l\u00e1ttuk az esend\u0151s\u00e9gedet.<br>F\u00e1radt is volt\u00e1l, meg is szomjazt\u00e1l,<br>T\u00e9ged sem ker\u00fclt a hal\u00e1l.<br>Volt der\u0171 Benned, s\u00edr\u00e1s is k\u00f6rny\u00e9kezett,<br>M\u00e9gis nyert Benned Isten a b\u0171n felett.<br>\u00a0<br>K\u00fczd\u00f6tt\u00e9l rosszal, minden gonosszal,<br>Hogy gy\u0151zt\u00e9l, engem az vigasztal.<br>Szeretlek T\u00e9ged, csod\u00e1s Szem\u00e9lyed,<br>Dr\u00e1ga J\u00e9zus, most \u00e9s \u00f6r\u00f6kk\u00e9 minden felett.<br><\/span><br><em><span style=\"color:#170c82\" class=\"has-inline-color\">(Komor\u00f3czy Istv\u00e1n<\/span>)<\/em><\/td><\/tr><\/tbody><\/table><\/figure>\n\n\n\n<figure class=\"wp-block-table is-style-stripes\"><table><tbody><tr><td><strong><span style=\"color:#251991\" class=\"has-inline-color\">Uram, l\u00e9gy el\u0151ttem&#8230;<\/span><\/strong><br><span style=\"color:#170c82\" class=\"has-inline-color\">Uram, l\u00e9gy el\u0151ttem, hogy a helyes utat mutasd nekem. Uram, l\u00e9gy mellettem, hogy szent kezeid v\u00e9djenek. Uram, l\u00e9gy m\u00f6g\u00f6ttem, hogy ne tudjanak megk\u00f6zel\u00edteni h\u00e1tulr\u00f3l a gonosz emberek. Uram, seg\u00edts, hogy nyomodban legyek, hogy T\u00e9ged b\u00e1rmikor megk\u00e9rdezzelek, ha bizonytalan vagyok. Uram, add, hogy Benned legyek, hogy vigasztal\u00e1st nyerjek szomor\u00fas\u00e1gomban. Uram, l\u00e9gy k\u00f6r\u00fcl\u00f6ttem, hogy megv\u00e9dhess, ha m\u00e1s a helyedre t\u00f6rne. Uram, l\u00e9gy f\u00f6l\u00f6ttem, hogy \u00e1ldhass engem. \u00cdgy \u00e1ldjon engem az Isten j\u00f3s\u00e1ga! \u00c1men<br>(Sedulius Coelius &nbsp;+ Kr. u. 450)<\/span><\/td><\/tr><\/tbody><\/table><\/figure>\n\n\n\n<figure class=\"wp-block-table is-style-stripes\"><table><tbody><tr><td class=\"has-text-align-center\" data-align=\"center\"><strong><span style=\"color:#251991\" class=\"has-inline-color\">Adventi ragyog\u00e1s<\/span><\/strong><span style=\"color:#170c82\" class=\"has-inline-color\"><br>&nbsp;<br>Lobban\u00f3 gyertya, villan\u00f3 f\u00e9nye,<br>Egyenes ny\u00edlk\u00e9nt mutat az \u00e9gre.<br>A viasz melegben lecsorg\u00f3 gy\u00f6ngye<br>Megt\u00e9r\u0151 b\u0171n\u00f6s\u00f6k gy\u00f6ngy\u00f6z\u0151 k\u00f6nnye.<br>&nbsp;<br>\u00cdgy, adventi f\u00e9nyben El\u00e9d borulok,<br>Szeret\u0151 markodban f\u00e9nny\u00e9 olvadok.<br>Gy\u00f6ny\u00f6r\u0171s\u00e9g t\u00f6lti meg a lelkem,<br>Hisz engem sem hagyt\u00e1l s\u00f6t\u00e9t b\u0171neimben.<br>&nbsp;<br>Emberr\u00e9 lett\u00e9l, \u00e9rtem megsz\u00fclett\u00e9l,<br>Megv\u00e1ltott\u00e1l! S a Mennyben helyet k\u00e9sz\u00edtett\u00e9l.<br>Adventi gyertya lobban\u00f3 f\u00e9nye<br>\u00dcdv\u00f6ss\u00e9gemnek l\u00e1ngol\u00f3 rem\u00e9nye.<br>&nbsp;<br><em>S\u00e1ndor Zsombor<\/em><\/span><\/td><\/tr><\/tbody><\/table><\/figure>\n\n\n\n<figure class=\"wp-block-table is-style-stripes\"><table><tbody><tr><td class=\"has-text-align-left\" data-align=\"left\"><strong><span style=\"color:#251991\" class=\"has-inline-color\">Adventi im\u00e1ds\u00e1g<\/span><\/strong><br><span style=\"color:#170c82\" class=\"has-inline-color\">H\u00e1l\u00e1t adok neked, Uram, Megv\u00e1lt\u00f3m, hogy \u00e9rkez\u00e9sed v\u00e1rhatom! K\u00f6sz\u00f6n\u00f6m, hogy elj\u00f6veteled bizonyos! K\u00e9rlek, amikor elj\u00f6ssz, fogadj magadhoz engem, m\u00e9ltatlan gyermekedet! Ha pedig hamarabb kell sz\u00edned el\u0151tt megjelennem, f\u00f6ldi \u00e9letem v\u00e9g\u00e9n \u00f6leljen \u00e1t kegyelmed! Am\u00edg \u00e9letet adsz, Szentlelkeddel vigy\u00e1zz r\u00e1m, hogy ne sz\u0171njek meg v\u00e1rni t\u00e9ged, \u00f6r\u00f6k \u00dcdv\u00f6z\u00edt\u0151met! T\u00e1pl\u00e1ld naponta Ig\u00e9ddel, \u00e9l\u0151 keny\u00e9rrel \u00e9letem, \u00e9s vigy\u00e1zz r\u00e1m, hogy el ne mulasszak egyetlen j\u00f3cselekedetet is, amit el\u0151re elk\u00e9sz\u00edtett\u00e9l, hogy azzal \u00e9ljek. Szeresd, \u0151rizd mindazokat, akiket szeretek. Seg\u00edts, hogy tudjam szeretni azokat, akiket te szeretsz. Ments meg att\u00f3l, hogy b\u00e1lv\u00e1nyok el\u0151tt leboruljak, vagy magamat b\u00e1lv\u00e1nyozzam. Ha h\u0171s\u00e9gemet pr\u00f3b\u00e1ra teszed k\u00eds\u00e9rt\u00e9ssel, f\u00f6ldi veszedelemmel, zsarnoki ideol\u00f3gi\u00e1k \u00e9s emberek fenyeget\u00e9s\u00e9vel, te l\u00e9gy az, aki meg\u0151rz\u00f6l att\u00f3l, hogy h\u0171s\u00e9gedet megtagadjam. V\u00e1rlak, Uram, rem\u00e9nyked\u0151 sz\u00edvvel! J\u00f6jj, Uram, J\u00e9zus! \u00c1men<\/span><\/td><\/tr><\/tbody><\/table><\/figure>\n\n\n\n<p><\/p>\n","protected":false},"excerpt":{"rendered":"<p>J\u00e9zus, Isten FiaT\u00fcnd\u00f6kl\u0151 jellem, isteni L\u00e9ny,Szavad hirdeti, van m\u00e9g rem\u00e9ny,Mennyei f\u00e9ny.\u201eSzent elgondol\u00e1s\u201d \u2013 \u00edrta Ady,Kit csak Isten gondolhat ki.\u00a0\u00c1radj sz\u00edv\u00fcnkbe Lelkeddel,L\u00e9ny\u00fcnk t\u00f6ltsd be f\u00e9nyeddel,\u00c9gi j\u00f3s\u00e1g, Vil\u00e1goss\u00e1g.\u00a0S most, hogy ezt \u00edgy \u00e9rzem,Lelkemben \u00e9n m\u00e9lyenLeborulok \u00e9s elhallgatok.(Komor\u00f3czy Istv\u00e1n) Mivel esend\u0151 volt\u00e1l, im\u00e1dlak&#8230;J\u00e9zus, b\u0171n n\u00e9lk\u00fcl mik\u00f6z\u00e9nk j\u00f6tt\u00e9lHozz\u00e1nk hasonl\u00f3 lett\u00e9l\u00c9s l\u00e1ttuk az esend\u0151s\u00e9gedet.F\u00e1radt is volt\u00e1l, meg is szomjazt\u00e1l,T\u00e9ged sem [&hellip;]<\/p>\n","protected":false},"author":1,"featured_media":0,"parent":120,"menu_order":0,"comment_status":"closed","ping_status":"closed","template":"","meta":{"footnotes":""},"class_list":["post-115","page","type-page","status-publish","hentry","post"],"_links":{"self":[{"href":"https:\/\/sarkadujtelek.reformatus.hu\/index.php\/wp-json\/wp\/v2\/pages\/115","targetHints":{"allow":["GET"]}}],"collection":[{"href":"https:\/\/sarkadujtelek.reformatus.hu\/index.php\/wp-json\/wp\/v2\/pages"}],"about":[{"href":"https:\/\/sarkadujtelek.reformatus.hu\/index.php\/wp-json\/wp\/v2\/types\/page"}],"author":[{"embeddable":true,"href":"https:\/\/sarkadujtelek.reformatus.hu\/index.php\/wp-json\/wp\/v2\/users\/1"}],"replies":[{"embeddable":true,"href":"https:\/\/sarkadujtelek.reformatus.hu\/index.php\/wp-json\/wp\/v2\/comments?post=115"}],"version-history":[{"count":9,"href":"https:\/\/sarkadujtelek.reformatus.hu\/index.php\/wp-json\/wp\/v2\/pages\/115\/revisions"}],"predecessor-version":[{"id":331,"href":"https:\/\/sarkadujtelek.reformatus.hu\/index.php\/wp-json\/wp\/v2\/pages\/115\/revisions\/331"}],"up":[{"embeddable":true,"href":"https:\/\/sarkadujtelek.reformatus.hu\/index.php\/wp-json\/wp\/v2\/pages\/120"}],"wp:attachment":[{"href":"https:\/\/sarkadujtelek.reformatus.hu\/index.php\/wp-json\/wp\/v2\/media?parent=115"}],"curies":[{"name":"wp","href":"https:\/\/api.w.org\/{rel}","templated":true}]}}