{"id":113,"date":"2020-11-17T10:33:56","date_gmt":"2020-11-17T10:33:56","guid":{"rendered":"https:\/\/sarkadujtelek.reformatus.hu\/?page_id=113"},"modified":"2020-12-01T17:46:07","modified_gmt":"2020-12-01T17:46:07","slug":"ahitatok","status":"publish","type":"page","link":"https:\/\/sarkadujtelek.reformatus.hu\/index.php\/istentiszteletek\/ahitatok\/","title":{"rendered":"\u00c1h\u00edtatok"},"content":{"rendered":"\n<p><\/p>\n\n\n\n<figure class=\"wp-block-table alignfull\"><table><tbody><tr><td><strong><span style=\"color:#271d8f\" class=\"has-inline-color\">Magasztalja lelkem az Urat<\/span><\/strong><br><br><span style=\"color:#271d8f\" class=\"has-inline-color\"><em>\u201eAkkor \u00edgy sz\u00f3lt M\u00e1ria: Magasztalja lelkem az Urat \u00e9s \u00f6rvendez az \u00e9n sz\u00edvem megtart\u00f3 Istenemben. Mert r\u00e1tekintett szolg\u00e1l\u00f3l\u00e1ny\u00e1nak al\u00e1zatos \u00e1llapot\u00e1ra. \u00cdme mostant\u00f3l fogva boldognak mond engem minden nemzed\u00e9k, mert nagy dolgokat cselekedett velem a Hatalmas, szent az \u0151 neve.\u201d<\/em><br>Luk 1, 46-49<br>\u00a0<br>\u00a0\u00a0\u00a0\u00a0\u00a0\u00a0\u00a0\u00a0\u00a0\u00a0\u00a0 Sokszor k\u00e9rdezz\u00fck egym\u00e1st\u00f3l Kar\u00e1csony el\u0151tt: Mit szeretn\u00e9l kapni? Egyszer egy \u00e1rva kisl\u00e1ny erre a k\u00e9rd\u00e9sre azt v\u00e1laszolta: Ha \u00e9desap\u00e1m kil\u00e9pne a k\u00e9pkeretb\u0151l \u00e9s k\u00f6zt\u00fcnk lenne. Testv\u00e9rek! Ez t\u00f6rt\u00e9nt Kar\u00e1csonykor: Isten kil\u00e9pett a megszokott keretb\u0151l, Egysz\u00fcl\u00f6tt Fi\u00e1ban megjelent a F\u00f6ld\u00f6n \u00e9s k\u00f6zt\u00fcnk van. A neve is ezt jelenti: Imm\u00e1nuel \u2013 Vel\u00fcnk az Isten.<br>Isten kil\u00e9pett a megszokott keretb\u0151l, \u00e9s r\u00e1tekintett M\u00e1ri\u00e1ra. M\u00e1ria \u00e9lete Isten rendel\u00e9se szerint arra volt kiv\u00e1lasztva, hogy az Egysz\u00fcl\u00f6tt Fi\u00fat vil\u00e1gra hozza. Amikor ezt M\u00e1ria meg\u00e9rti, \u00edgy \u00e9nekel: Magasztalja az \u00e9n lelkem az Urat! Ugyanezt \u00e9nekelte Anna, S\u00e1muel \u00e9desanyja is. Mert megv\u00e1ltozott az \u00e9let\u00fck, amikor Isten r\u00e1juk tekintett. Hiszen a mi \u00e9let\u00fcnk is sokszor megv\u00e1ltozik att\u00f3l, ha valaki \u00e9szrevesz, r\u00e1nk tekint. Mennyivel nagyobb dolog \u00e1t\u00e9lni, hogy Isten \u00e9szrevesz, alkalmasnak tal\u00e1l egy feladatra \u00e9s eszk\u00f6z\u00fcl haszn\u00e1l. M\u00e1ria Isten csod\u00e1latos terv\u00e9nek az eszk\u00f6ze lett, Isten \u00e1ltala l\u00e9pett ki a megszokott keretb\u0151l.<br>\u00a0\u00a0\u00a0\u00a0\u00a0\u00a0\u00a0\u00a0\u00a0\u00a0\u00a0 Amikor Isten M\u00e1ri\u00e1ra tekintett, akkor az emberis\u00e9g nyomor\u00fas\u00e1g\u00e1ra is r\u00e1tekintett \u00e9s k\u00f6ny\u00f6r\u00fclni akart rajta. Mert \u00dagy szerette Isten a vil\u00e1got, hogy az \u0151 Egysz\u00fcl\u00f6tt Fi\u00e1t adta, hogy ha valaki hisz \u0151benne, el ne vesszen, hanem \u00f6r\u00f6k \u00e9lete legyen. J\u00e9zusban meg akarja gy\u00f3gy\u00edtani a vil\u00e1got abb\u00f3l a nyomor\u00fas\u00e1gos helyzetb\u0151l, amelybe a S\u00e1t\u00e1n \u00f6szt\u00f6nz\u00e9s\u00e9re \u00e9s a maga engedetlens\u00e9ge miatt ker\u00fclt. M\u00e1ria azon \u00f6rvendezik, hogy Istennek m\u00e9g az \u00c9denkertben tett \u00edg\u00e9rete most beteljesedik.<br>\u00a0\u00a0\u00a0\u00a0\u00a0\u00a0\u00a0\u00a0\u00a0\u00a0\u00a0 Amikor Isten M\u00e1ri\u00e1ra \u00e9s a vil\u00e1gra r\u00e1tekintett, akkor r\u00e1d is tekintett. J\u00e9zust \u00e9rted is k\u00fcldte, \u00e9rted is meghalt, t\u00e9ged is meg akar \u00faj\u00edtani. M\u00e1ria \u00f6rvendez\u00e9se ott van-e a sz\u00edvedben? Tudsz-e \u00edgy \u00f6r\u00fclni, hogy r\u00e1d tekintett az Isten? \u00c9rzed-e, hogy t\u00e9ged is ennyire szeret az Isten? Most, amikor szent asztalhoz k\u00e9sz\u00fcl\u00fcnk, h\u00e1l\u00e1s sz\u00edvvel gondoljuk v\u00e9gig, mi mindent cselekedett vel\u00fcnk, hogyan munk\u00e1l az \u00e9let\u00fcnkben! \u00c1ldd az Istent \u00e9rte!<br>\u00a0\u00a0\u00a0\u00a0\u00a0\u00a0\u00a0\u00a0\u00a0\u00a0\u00a0 Amikor a gyermek azt k\u00e9ri, hogy \u00e9desapja kil\u00e9pjen a keretb\u0151l, J\u00e9zus ezt is teljes\u00edti. Mert \u00e1ltala van felt\u00e1mad\u00e1s. J\u00e9zus ezt mondja: \u201e\u00c9n vagyok a felt\u00e1mad\u00e1s \u00e9s az \u00e9let. Aki hisz \u00e9nbennem, ha meghal is \u00e9l\u201d Krisztus \u00e1ltal nincs lehetetlen k\u00e9r\u00e9s. Amikor Isten kil\u00e9p a megszokott keretb\u0151l, akkor az embert is kiemeli abb\u00f3l a nyomor\u00fas\u00e1gb\u00f3l, amibe a b\u0171n bekeretezi, \u00e9s abb\u00f3l is, amibe mi egym\u00e1st beskatuly\u00e1ztuk. J\u00e9zus minden embernek felk\u00edn\u00e1lja a megv\u00e1ltoz\u00e1s lehet\u0151s\u00e9g\u00e9t, k\u00f6ny\u00f6r\u00fcl rajtunk. T\u00e9ged is ki akar l\u00e9ptetni abb\u00f3l a megszokott keretb\u0151l, amelyben vagy, amelyben a k\u00f6rnyezeted gondolkodik r\u00f3lad.<br>\u00a0\u00a0\u00a0\u00a0\u00a0\u00a0\u00a0\u00a0\u00a0\u00a0\u00a0 N\u00e9zz meg egy es\u0151cseppet! Ha r\u00e1s\u00fct a Nap, sziv\u00e1rv\u00e1ny t\u00fcnd\u00f6k\u00f6l rajta. Ott van az es\u0151csepp akkor is, ha nem abb\u00f3l a sz\u00f6gb\u0151l \u00e9ri a Nap, de akkor nem vil\u00e1g\u00edt. \u00dagy tekintsd az \u00e9letedet, hogy Krisztus f\u00e9nye ragyogja be. K\u00e9rj\u00fck Istent: Uram, itt vagyok. Meg\u00fcres\u00edtem magam \u00e9s k\u00e9rlek, hogy Te t\u00fcnd\u00f6k\u00f6lj \u00e1ltalam!<br><em>\u00a0\u00a0\u00a0\u00a0\u00a0\u00a0\u00a0\u00a0\u00a0\u00a0\u00a0<\/em><br><em>\u00a0\u00a0\u00a0\u00a0\u00a0\u00a0\u00a0\u00a0\u00a0\u00a0\u00a0 Urunk, k\u00f6sz\u00f6nj\u00fck Neked, hogy ki akarsz l\u00e9ptetni megszokott keret\u00fcnkb\u0151l. Mi sokszor beskatuly\u00e1zzuk egym\u00e1st \u00e9s azt hissz\u00fck, hogy kuty\u00e1b\u00f3l \u00fagysem lesz szalonna. Te m\u00e9gis \u00faj \u00e9letet tudsz<\/em> <em>adni. K\u00e9r\u00fcnk azok\u00e9rt, akiket meg\u00edt\u00e9lt\u00fcnk, Te alak\u00edtsd \u00e1t az \u00e9let\u00fcket, hogy ne nek\u00fcnk legyen igazunk!<\/em><br><em>\u00a0\u00a0\u00a0\u00a0\u00a0\u00a0\u00a0\u00a0\u00a0\u00a0\u00a0 Emeld fel a tekintet\u00fcnket, hogy mi is tudjunk \u00fagy \u00f6rvendezni, mint M\u00e1ria! Add, hogy kil\u00e9pj\u00fcnk a keretb\u0151l \u00e9s l\u00e1ssuk a t\u00e1vlatot, amit nek\u00fcnk adsz! Fogd a kez\u00fcnket, hadd induljunk Veled! Bocs\u00e1sd meg hogy annyira ragaszkodunk megszokott kereteinkhez! Te sz\u00e9t tudod t\u00f6rni, tudsz er\u0151t \u00e9s rem\u00e9nys\u00e9get adni. Cselekedd ezt vel\u00fcnk! \u00c1men.<\/em><br><br>(Dr. S\u00e1ndor Endre)<\/span><\/td><\/tr><\/tbody><\/table><\/figure>\n\n\n\n<p><\/p>\n","protected":false},"excerpt":{"rendered":"<p>Magasztalja lelkem az Urat \u201eAkkor \u00edgy sz\u00f3lt M\u00e1ria: Magasztalja lelkem az Urat \u00e9s \u00f6rvendez az \u00e9n sz\u00edvem megtart\u00f3 Istenemben. Mert r\u00e1tekintett szolg\u00e1l\u00f3l\u00e1ny\u00e1nak al\u00e1zatos \u00e1llapot\u00e1ra. \u00cdme mostant\u00f3l fogva boldognak mond engem minden nemzed\u00e9k, mert nagy dolgokat cselekedett velem a Hatalmas, szent az \u0151 neve.\u201dLuk 1, 46-49\u00a0\u00a0\u00a0\u00a0\u00a0\u00a0\u00a0\u00a0\u00a0\u00a0\u00a0\u00a0 Sokszor k\u00e9rdezz\u00fck egym\u00e1st\u00f3l Kar\u00e1csony el\u0151tt: Mit szeretn\u00e9l kapni? Egyszer egy [&hellip;]<\/p>\n","protected":false},"author":1,"featured_media":0,"parent":120,"menu_order":0,"comment_status":"closed","ping_status":"closed","template":"","meta":{"footnotes":""},"class_list":["post-113","page","type-page","status-publish","hentry","post"],"_links":{"self":[{"href":"https:\/\/sarkadujtelek.reformatus.hu\/index.php\/wp-json\/wp\/v2\/pages\/113","targetHints":{"allow":["GET"]}}],"collection":[{"href":"https:\/\/sarkadujtelek.reformatus.hu\/index.php\/wp-json\/wp\/v2\/pages"}],"about":[{"href":"https:\/\/sarkadujtelek.reformatus.hu\/index.php\/wp-json\/wp\/v2\/types\/page"}],"author":[{"embeddable":true,"href":"https:\/\/sarkadujtelek.reformatus.hu\/index.php\/wp-json\/wp\/v2\/users\/1"}],"replies":[{"embeddable":true,"href":"https:\/\/sarkadujtelek.reformatus.hu\/index.php\/wp-json\/wp\/v2\/comments?post=113"}],"version-history":[{"count":3,"href":"https:\/\/sarkadujtelek.reformatus.hu\/index.php\/wp-json\/wp\/v2\/pages\/113\/revisions"}],"predecessor-version":[{"id":204,"href":"https:\/\/sarkadujtelek.reformatus.hu\/index.php\/wp-json\/wp\/v2\/pages\/113\/revisions\/204"}],"up":[{"embeddable":true,"href":"https:\/\/sarkadujtelek.reformatus.hu\/index.php\/wp-json\/wp\/v2\/pages\/120"}],"wp:attachment":[{"href":"https:\/\/sarkadujtelek.reformatus.hu\/index.php\/wp-json\/wp\/v2\/media?parent=113"}],"curies":[{"name":"wp","href":"https:\/\/api.w.org\/{rel}","templated":true}]}}